{"id":848,"date":"2025-07-16T17:17:11","date_gmt":"2025-07-16T17:17:11","guid":{"rendered":"https:\/\/rahmaherbe.ma\/?post_type=product&#038;p=848"},"modified":"2026-03-04T23:38:44","modified_gmt":"2026-03-04T23:38:44","slug":"%d9%83%d8%b1%d9%8a%d9%85-%d8%a7%d9%84%d8%a8%d9%88%d8%a7%d8%b3%d9%8a%d8%b1","status":"publish","type":"product","link":"https:\/\/rahmaherbe.ma\/ar\/product\/%d9%83%d8%b1%d9%8a%d9%85-%d8%a7%d9%84%d8%a8%d9%88%d8%a7%d8%b3%d9%8a%d8%b1\/","title":{"rendered":"Cr\u00e8me anti-h\u00e9morro\u00efdes \u0643\u0631\u064a\u0645 \u0627\u0644\u0628\u0648\u0627\u0633\u064a\u0631"},"content":{"rendered":"<p>Cr\u00e8me anti-h\u00e9morro\u00efdes &#8211; \u0643\u0631\u064a\u0645 \u0627\u0644\u0628\u0648\u0627\u0633\u064a\u0631<br \/>\n\u0643\u0631\u064a\u0645 \u0644\u0639\u0644\u0627\u062c \u0627\u0644\u0628\u0648\u0627\u0633\u064a\u0631 \u0627\u0644\u062e\u0627\u0631\u062c\u064a\u0629 \u0648 \u0627\u0644\u062f\u0627\u062e\u0644\u064a\u0629<br \/>\n\u0631\u062d\u0645\u0629 \u0644\u0644\u0628\u0648\u0627\u0633\u064a\u0631 <\/p>","protected":false},"excerpt":{"rendered":"<p>Cr\u00e8me anti-h\u00e9morro\u00efdes &#8211; \u0643\u0631\u064a\u0645 \u0627\u0644\u0628\u0648\u0627\u0633\u064a\u0631<\/p>","protected":false},"featured_media":1779,"comment_status":"open","ping_status":"closed","template":"","meta":[],"product_brand":[53],"product_cat":[47],"product_tag":[],"class_list":{"0":"post-848","1":"product","2":"type-product","3":"status-publish","4":"has-post-thumbnail","6":"product_brand-rahma-herb","7":"product_cat-prescriptions-therapeutiques","9":"first","10":"instock","11":"shipping-taxable","12":"purchasable","13":"product-type-simple"},"_links":{"self":[{"href":"https:\/\/rahmaherbe.ma\/ar\/wp-json\/wp\/v2\/product\/848","targetHints":{"allow":["GET"]}}],"collection":[{"href":"https:\/\/rahmaherbe.ma\/ar\/wp-json\/wp\/v2\/product"}],"about":[{"href":"https:\/\/rahmaherbe.ma\/ar\/wp-json\/wp\/v2\/types\/product"}],"replies":[{"embeddable":true,"href":"https:\/\/rahmaherbe.ma\/ar\/wp-json\/wp\/v2\/comments?post=848"}],"wp:featuredmedia":[{"embeddable":true,"href":"https:\/\/rahmaherbe.ma\/ar\/wp-json\/wp\/v2\/media\/1779"}],"wp:attachment":[{"href":"https:\/\/rahmaherbe.ma\/ar\/wp-json\/wp\/v2\/media?parent=848"}],"wp:term":[{"taxonomy":"product_brand","embeddable":true,"href":"https:\/\/rahmaherbe.ma\/ar\/wp-json\/wp\/v2\/product_brand?post=848"},{"taxonomy":"product_cat","embeddable":true,"href":"https:\/\/rahmaherbe.ma\/ar\/wp-json\/wp\/v2\/product_cat?post=848"},{"taxonomy":"product_tag","embeddable":true,"href":"https:\/\/rahmaherbe.ma\/ar\/wp-json\/wp\/v2\/product_tag?post=848"}],"curies":[{"name":"wp","href":"https:\/\/api.w.org\/{rel}","templated":true}]}}