{"id":301,"date":"2025-05-16T18:35:20","date_gmt":"2025-05-16T18:35:20","guid":{"rendered":"https:\/\/rahmaherbe.ma\/?page_id=301"},"modified":"2025-06-12T17:48:22","modified_gmt":"2025-06-12T17:48:22","slug":"politique-de-remboursement","status":"publish","type":"page","link":"https:\/\/rahmaherbe.ma\/ar\/politique-de-remboursement\/","title":{"rendered":"\ud83d\udcc4 \u0633\u064a\u0627\u0633\u0629 \u0627\u0644\u0627\u0633\u062a\u0631\u062f\u0627\u062f"},"content":{"rendered":"<h1 class=\"wp-block-heading has-text-align-center has-large-font-size\">\ud83d\udcc4 \u0633\u064a\u0627\u0633\u0629 \u0627\u0644\u0627\u0633\u062a\u0631\u062f\u0627\u062f<\/h1>\n\n\n\n<p class=\"has-text-align-center\">\u0641\u064a \u0631\u062d\u0645\u0629 \u0647\u064a\u0631\u0628\u064a\u060c \u0646\u0644\u062a\u0632\u0645 \u0628\u062a\u0648\u0641\u064a\u0631 \u0645\u0646\u062a\u062c\u0627\u062a \u0639\u0627\u0644\u064a\u0629 \u0627\u0644\u062c\u0648\u062f\u0629 \u0645\u0635\u0646\u0648\u0639\u0629 \u0645\u0646 \u0645\u0643\u0648\u0646\u0627\u062a \u0637\u0628\u064a\u0639\u064a\u0629 \u0648\u0646\u0628\u0627\u062a\u064a\u0629. \u0648\u0645\u0639 \u0630\u0644\u0643\u060c \u0625\u0630\u0627 \u0644\u0645 \u062a\u0643\u0646 \u0631\u0627\u0636\u064a\u064b\u0627 \u062a\u0645\u0627\u0645\u064b\u0627 \u0639\u0646 \u0645\u0634\u062a\u0631\u064a\u0627\u062a\u0643\u060c \u0641\u0625\u0646 \u0633\u064a\u0627\u0633\u0629 \u0627\u0644\u0627\u0633\u062a\u0631\u062f\u0627\u062f \u0644\u062f\u064a\u0646\u0627 \u062a\u062a\u064a\u062d \u0644\u0643 \u0625\u0631\u062c\u0627\u0639 \u0627\u0644\u0645\u0646\u062a\u062c\u0627\u062a \u062e\u0644\u0627\u0644 \u0641\u062a\u0631\u0629 \u0632\u0645\u0646\u064a\u0629 \u0645\u0639\u0642\u0648\u0644\u0629\u060c \u0648\u0641\u0642\u064b\u0627 \u0644\u0644\u0634\u0631\u0648\u0637 \u0627\u0644\u0645\u062d\u062f\u062f\u0629 \u0627\u0644\u0645\u0648\u0636\u062d\u0629 \u0623\u062f\u0646\u0627\u0647.<\/p>\n\n\n\n<h2 class=\"wp-block-heading has-text-align-center\">1. \u0623\u0647\u0644\u064a\u0629 \u0627\u0644\u0627\u0633\u062a\u0631\u062f\u0627\u062f<\/h2>\n\n\n\n<p class=\"has-text-align-center\">\u064a\u0645\u0643\u0646\u0643 \u0637\u0644\u0628 \u0627\u0633\u062a\u0631\u062f\u0627\u062f \u0627\u0644\u0645\u0628\u0644\u063a \u0623\u0648 \u0627\u0644\u0627\u0633\u062a\u0628\u062f\u0627\u0644 \u0641\u064a \u0627\u0644\u062d\u0627\u0644\u0627\u062a \u0627\u0644\u062a\u0627\u0644\u064a\u0629:<br>- \u062a\u0645 \u0627\u0633\u062a\u0644\u0627\u0645 \u0627\u0644\u0645\u0646\u062a\u062c \u062a\u0627\u0644\u0641\u064b\u0627 \u0623\u0648 \u0645\u0639\u064a\u0628\u064b\u0627<br>- \u062e\u0637\u0623 \u0641\u064a \u0627\u0644\u0637\u0644\u0628 (\u0645\u0646\u062a\u062c \u0623\u0648 \u0643\u0645\u064a\u0629 \u063a\u064a\u0631 \u0635\u062d\u064a\u062d\u0629)<br>- \u0627\u0644\u0645\u0646\u062a\u062c \u0644\u064a\u0633 \u0643\u0645\u0627 \u0647\u0648 \u0645\u0648\u0636\u062d<\/p>\n\n\n\n<p class=\"has-text-align-center translation-block\">\u064a\u062c\u0628 \u0623\u0646 \u062a\u062a\u0645 \u0639\u0645\u0644\u064a\u0627\u062a \u0627\u0644\u0625\u0631\u062c\u0627\u0639 \u062e\u0644\u0627\u0644 <strong>7 \u0623\u064a\u0627\u0645 \u0639\u0645\u0644<\/strong> \u0645\u0646 \u062a\u0627\u0631\u064a\u062e \u0627\u0633\u062a\u0644\u0627\u0645 \u0627\u0644\u0637\u0644\u0628.<\/p>\n\n\n\n<h2 class=\"wp-block-heading has-text-align-center\">2. \u0634\u0631\u0648\u0637 \u0627\u0644\u0625\u0631\u062c\u0627\u0639<\/h2>\n\n\n\n<p class=\"has-text-align-center\">\u0644\u062a\u0644\u0642\u064a \u0627\u0633\u062a\u0631\u062f\u0627\u062f \u0627\u0644\u0623\u0645\u0648\u0627\u0644:<br>- \u064a\u062c\u0628 \u0623\u0644\u0627 \u064a\u0643\u0648\u0646 \u0627\u0644\u0645\u0646\u062a\u062c \u0642\u062f \u062a\u0645 \u0627\u0633\u062a\u062e\u062f\u0627\u0645\u0647.<br>- \u064a\u062c\u0628 \u0623\u0646 \u062a\u0643\u0648\u0646 \u0627\u0644\u0639\u0628\u0648\u0629 \u0627\u0644\u0623\u0635\u0644\u064a\u0629 \u0633\u0644\u064a\u0645\u0629.<br>- \u064a\u062c\u0628 \u0623\u0646 \u064a\u0643\u0648\u0646 \u0627\u0644\u0645\u0646\u062a\u062c \u0645\u0635\u062d\u0648\u0628\u064b\u0627 \u0628\u0625\u062b\u0628\u0627\u062a \u0627\u0644\u0634\u0631\u0627\u0621 (\u0641\u0627\u062a\u0648\u0631\u0629 \u0623\u0648 \u0625\u064a\u0635\u0627\u0644).<br>- \u0644\u0627 \u064a\u0645\u0643\u0646 \u0625\u0631\u062c\u0627\u0639 \u0645\u0646\u062a\u062c\u0627\u062a \u0627\u0644\u062a\u062c\u0645\u064a\u0644 \u0625\u0630\u0627 \u062a\u0645 \u0641\u062a\u062d\u0647\u0627 \u0644\u0623\u0633\u0628\u0627\u0628 \u062a\u062a\u0639\u0644\u0642 \u0628\u0627\u0644\u0646\u0638\u0627\u0641\u0629 \u0648\u0627\u0644\u0633\u0644\u0627\u0645\u0629.<\/p>\n\n\n\n<h2 class=\"wp-block-heading has-text-align-center\">3. \u0625\u062c\u0631\u0627\u0621\u0627\u062a \u0627\u0644\u0625\u0631\u062c\u0627\u0639<\/h2>\n\n\n\n<p class=\"has-text-align-center\">1. \u0627\u062a\u0635\u0644 \u0628\u062e\u062f\u0645\u0629 \u0627\u0644\u0639\u0645\u0644\u0627\u0621 \u0644\u062f\u064a\u0646\u0627 \u0639\u0628\u0631 \u0627\u0644\u0628\u0631\u064a\u062f \u0627\u0644\u0625\u0644\u0643\u062a\u0631\u0648\u0646\u064a: coprahmaherb@gmail.com<br>2. \u0627\u0630\u0643\u0631 \u0627\u0633\u0645\u0643 \u0648\u0631\u0642\u0645 \u0627\u0644\u0637\u0644\u0628 \u0648\u0627\u0644\u0645\u0646\u062a\u062c \u0627\u0644\u0645\u0639\u0646\u064a \u0648\u0633\u0628\u0628 \u0627\u0644\u0625\u0631\u062c\u0627\u0639.<br>3. \u0633\u0648\u0641 \u0646\u0631\u0633\u0644 \u0644\u0643 \u0639\u0646\u0648\u0627\u0646 \u0627\u0644\u0625\u0631\u062c\u0627\u0639 \u0648\u0627\u0644\u062a\u0639\u0644\u064a\u0645\u0627\u062a.<br>4. \u0628\u0645\u062c\u0631\u062f \u0627\u0633\u062a\u0644\u0627\u0645 \u0627\u0644\u0645\u0646\u062a\u062c \u0648\u0627\u0644\u062a\u062d\u0642\u0642 \u0645\u0646\u0647\u060c \u0633\u064a\u062a\u0645 \u0645\u0639\u0627\u0644\u062c\u0629 \u0639\u0645\u0644\u064a\u0629 \u0627\u0633\u062a\u0631\u062f\u0627\u062f \u0627\u0644\u0645\u0628\u0644\u063a.<\/p>\n\n\n\n<h2 class=\"wp-block-heading has-text-align-center\">4. \u0641\u062a\u0631\u0629 \u0627\u0644\u0633\u062f\u0627\u062f<\/h2>\n\n\n\n<p class=\"has-text-align-center\">\u0628\u0645\u062c\u0631\u062f \u0625\u0631\u062c\u0627\u0639 \u0627\u0644\u0645\u0646\u062a\u062c \u0648\u0627\u0644\u062a\u062d\u0642\u0642 \u0645\u0646 \u0635\u062d\u062a\u0647\u060c \u0633\u064a\u062a\u0645 \u0625\u062c\u0631\u0627\u0621 \u0627\u0633\u062a\u0631\u062f\u0627\u062f \u0627\u0644\u0623\u0645\u0648\u0627\u0644 \u062e\u0644\u0627\u0644 7 \u0625\u0644\u0649 14 \u064a\u0648\u0645 \u0639\u0645\u0644\u060c \u0628\u0627\u0633\u062a\u062e\u062f\u0627\u0645 \u0646\u0641\u0633 \u0637\u0631\u064a\u0642\u0629 \u0627\u0644\u062f\u0641\u0639 \u0627\u0644\u0645\u0633\u062a\u062e\u062f\u0645\u0629 \u0639\u0646\u062f \u0627\u0644\u0637\u0644\u0628.<\/p>\n\n\n\n<h2 class=\"wp-block-heading has-text-align-center\">5. \u0627\u0644\u062a\u0628\u0627\u062f\u0644\u0627\u062a<\/h2>\n\n\n\n<p class=\"has-text-align-center\">\u0627\u0644\u0627\u0633\u062a\u0628\u062f\u0627\u0644 \u0645\u062a\u0627\u062d \u0641\u0642\u0637 \u0644\u0644\u0645\u0646\u062a\u062c\u0627\u062a \u0645\u0646 \u0646\u0641\u0633 \u0627\u0644\u0646\u0648\u0639 \u0648\u0627\u0644\u0642\u064a\u0645\u0629. \u0641\u064a \u062d\u0627\u0644 \u0639\u062f\u0645 \u062a\u0648\u0641\u0631 \u0645\u0646\u062a\u062c \u0628\u062f\u064a\u0644\u060c \u0633\u064a\u062a\u0645 \u0627\u0633\u062a\u0631\u062f\u0627\u062f \u0627\u0644\u0645\u0628\u0644\u063a \u0627\u0644\u0645\u062f\u0641\u0648\u0639.<\/p>\n\n\n\n<h2 class=\"wp-block-heading has-text-align-center\">6. \u062a\u0643\u0627\u0644\u064a\u0641 \u0627\u0644\u0625\u0631\u062c\u0627\u0639<\/h2>\n\n\n\n<p class=\"has-text-align-center\">- \u0641\u064a \u062d\u0627\u0644\u0629 \u0648\u062c\u0648\u062f \u062e\u0637\u0623 \u0645\u0646 \u062c\u0627\u0646\u0628\u0646\u0627: \u062a\u0643\u0627\u0644\u064a\u0641 \u0627\u0644\u0625\u0631\u062c\u0627\u0639 \u0647\u064a \u0645\u0633\u0624\u0648\u0644\u064a\u062a\u0646\u0627.<br>- \u0641\u064a \u062d\u0627\u0644\u0627\u062a \u0623\u062e\u0631\u0649: \u0627\u0644\u062a\u0643\u0627\u0644\u064a\u0641 \u062a\u0643\u0648\u0646 \u0639\u0644\u0649 \u0645\u0633\u0624\u0648\u0644\u064a\u0629 \u0627\u0644\u0639\u0645\u064a\u0644.<\/p>\n\n\n\n<h2 class=\"wp-block-heading has-text-align-center\">7. \u0627\u0644\u0645\u0646\u062a\u062c\u0627\u062a \u063a\u064a\u0631 \u0627\u0644\u0642\u0627\u0628\u0644\u0629 \u0644\u0644\u0627\u0633\u062a\u0631\u062f\u0627\u062f<\/h2>\n\n\n\n<p class=\"has-text-align-center\">\u0627\u0644\u0641\u0626\u0627\u062a \u0627\u0644\u062a\u0627\u0644\u064a\u0629 \u063a\u064a\u0631 \u0645\u0624\u0647\u0644\u0629 \u0644\u0644\u0625\u0631\u062c\u0627\u0639\/\u0627\u0644\u0627\u0633\u062a\u0631\u062f\u0627\u062f:<br>- \u0627\u0644\u0645\u0646\u062a\u062c\u0627\u062a \u0627\u0644\u0645\u0641\u062a\u0648\u062d\u0629 \u0623\u0648 \u0627\u0644\u0645\u0633\u062a\u062e\u062f\u0645\u0629<br>- \u0645\u0646\u062a\u062c\u0627\u062a \u0645\u062e\u0635\u0635\u0629<br>- \u0642\u0633\u0627\u0626\u0645 \u0647\u062f\u0627\u064a\u0627 \u0623\u0648 \u0639\u0631\u0648\u0636 \u062a\u0631\u0648\u064a\u062c\u064a\u0629 \u062e\u0627\u0635\u0629<\/p>\n\n\n\n<h2 class=\"wp-block-heading has-text-align-center\">8. \u0627\u0644\u0645\u0633\u0624\u0648\u0644\u064a\u0629<\/h2>\n\n\n\n<p class=\"has-text-align-center\">\u0631\u062d\u0645\u0629 \u0647\u064a\u0631\u0628\u064a \u062a\u064f\u062e\u0644\u064a \u0645\u0633\u0624\u0648\u0644\u064a\u062a\u0647\u0627 \u0639\u0646 \u0623\u064a \u0641\u0642\u062f\u0627\u0646 \u0623\u0648 \u062a\u0644\u0641 \u0644\u0644\u0645\u0646\u062a\u062c\u0627\u062a \u0623\u062b\u0646\u0627\u0621 \u0625\u0631\u062c\u0627\u0639\u0647\u0627. \u0646\u0648\u0635\u064a \u0628\u0627\u0633\u062a\u062e\u062f\u0627\u0645 \u062e\u062f\u0645\u0629 \u062a\u0648\u0635\u064a\u0644 \u0645\u064f\u062a\u062a\u0628\u0651\u0639.<\/p>\n\n\n\n<h2 class=\"wp-block-heading has-text-align-center\">9. \u0627\u0644\u0627\u062a\u0635\u0627\u0644<\/h2>\n\n\n\n<p class=\"has-text-align-center\">\u0644\u0623\u064a \u0627\u0633\u062a\u0641\u0633\u0627\u0631\u0627\u062a \u062a\u062a\u0639\u0644\u0642 \u0628\u0633\u064a\u0627\u0633\u0629 \u0627\u0644\u0625\u0631\u062c\u0627\u0639 \u0648\u0627\u0644\u0627\u0633\u062a\u0631\u062f\u0627\u062f\u060c \u064a\u0631\u062c\u0649 \u0645\u0631\u0627\u0633\u0644\u062a\u0646\u0627 \u0639\u0644\u0649 \u0627\u0644\u0639\u0646\u0648\u0627\u0646 \u0627\u0644\u062a\u0627\u0644\u064a:<br>info@rahmaherb.ma \/ +212 660305553 <\/p>","protected":false},"excerpt":{"rendered":"<p>\ud83d\udcc4 Politique de remboursement Chez Rahma Herbe, nous nous engageons \u00e0 fournir des produits de haute qualit\u00e9, fabriqu\u00e9s \u00e0 partir d\u2019ingr\u00e9dients naturels d\u2019origine v\u00e9g\u00e9tale. Toutefois, si vous n\u2019\u00eates pas enti\u00e8rement satisfait de votre achat, notre politique de remboursement vous permet de retourner les produits dans un d\u00e9lai raisonnable, sous certaines conditions d\u00e9taill\u00e9es ci-dessous. 1. \u00c9ligibilit\u00e9 [&hellip;]<\/p>","protected":false},"author":1,"featured_media":0,"parent":0,"menu_order":0,"comment_status":"closed","ping_status":"closed","template":"","meta":{"footnotes":""},"class_list":["post-301","page","type-page","status-publish","hentry"],"_links":{"self":[{"href":"https:\/\/rahmaherbe.ma\/ar\/wp-json\/wp\/v2\/pages\/301","targetHints":{"allow":["GET"]}}],"collection":[{"href":"https:\/\/rahmaherbe.ma\/ar\/wp-json\/wp\/v2\/pages"}],"about":[{"href":"https:\/\/rahmaherbe.ma\/ar\/wp-json\/wp\/v2\/types\/page"}],"author":[{"embeddable":true,"href":"https:\/\/rahmaherbe.ma\/ar\/wp-json\/wp\/v2\/users\/1"}],"replies":[{"embeddable":true,"href":"https:\/\/rahmaherbe.ma\/ar\/wp-json\/wp\/v2\/comments?post=301"}],"version-history":[{"count":0,"href":"https:\/\/rahmaherbe.ma\/ar\/wp-json\/wp\/v2\/pages\/301\/revisions"}],"wp:attachment":[{"href":"https:\/\/rahmaherbe.ma\/ar\/wp-json\/wp\/v2\/media?parent=301"}],"curies":[{"name":"wp","href":"https:\/\/api.w.org\/{rel}","templated":true}]}}