{"id":3,"date":"2025-05-12T17:37:10","date_gmt":"2025-05-12T17:37:10","guid":{"rendered":"http:\/\/rahmaherbe.ma\/?page_id=3"},"modified":"2025-05-16T19:29:35","modified_gmt":"2025-05-16T19:29:35","slug":"politique-de-confidentialite","status":"publish","type":"page","link":"https:\/\/rahmaherbe.ma\/ar\/politique-de-confidentialite\/","title":{"rendered":"\ud83d\udd12 Politique de confidentialit\u00e9"},"content":{"rendered":"<h1 class=\"wp-block-heading has-text-align-center has-large-font-size\">\ud83d\udd12\u0633\u064a\u0627\u0633\u0629 \u0627\u0644\u062e\u0635\u0648\u0635\u064a\u0629<\/h1>\n\n\n\n<p class=\"has-text-align-center\">\u0622\u062e\u0631 \u062a\u062d\u062f\u064a\u062b: \u0645\u0627\u064a\u0648 2025<\/p>\n\n\n\n<p class=\"has-text-align-center\">\u062e\u0635\u0648\u0635\u064a\u062a\u0643 \u0645\u0647\u0645\u0629 \u0628\u0627\u0644\u0646\u0633\u0628\u0629 \u0644\u0631\u062d\u0645\u0629 \u0647\u064a\u0631\u0628\u064a. \u062a\u0648\u0636\u062d \u0647\u0630\u0647 \u0627\u0644\u0633\u064a\u0627\u0633\u0629 \u0643\u064a\u0641\u064a\u0629 \u062c\u0645\u0639 \u0645\u0639\u0644\u0648\u0645\u0627\u062a\u0643 \u0627\u0644\u0634\u062e\u0635\u064a\u0629 \u0648\u0627\u0633\u062a\u062e\u062f\u0627\u0645\u0647\u0627 \u0648\u062d\u0645\u0627\u064a\u062a\u0647\u0627 \u0648\u0645\u0634\u0627\u0631\u0643\u062a\u0647\u0627 \u0641\u064a\u0645\u0627 \u064a\u062a\u0639\u0644\u0642 \u0628\u062e\u062f\u0645\u0627\u062a\u0646\u0627.<\/p>\n\n\n\n<h2 class=\"wp-block-heading has-text-align-center has-medium-font-size\">1. \u0627\u0644\u0645\u0639\u0644\u0648\u0645\u0627\u062a \u0627\u0644\u062a\u064a \u062a\u0645 \u062c\u0645\u0639\u0647\u0627<\/h2>\n\n\n\n<p class=\"has-text-align-center\">\u0646\u0642\u0648\u0645 \u0628\u062c\u0645\u0639 \u0627\u0644\u0623\u0646\u0648\u0627\u0639 \u0627\u0644\u062a\u0627\u0644\u064a\u0629 \u0645\u0646 \u0627\u0644\u0628\u064a\u0627\u0646\u0627\u062a:<br>- \u0627\u0644\u0645\u0639\u0644\u0648\u0645\u0627\u062a \u0627\u0644\u0634\u062e\u0635\u064a\u0629: \u0627\u0644\u0627\u0633\u0645\u060c \u0627\u0644\u0627\u0633\u0645 \u0627\u0644\u0623\u0648\u0644\u060c \u0627\u0644\u0639\u0646\u0648\u0627\u0646\u060c \u0631\u0642\u0645 \u0627\u0644\u0647\u0627\u062a\u0641\u060c \u0627\u0644\u0628\u0631\u064a\u062f \u0627\u0644\u0625\u0644\u0643\u062a\u0631\u0648\u0646\u064a.<br>- \u0645\u0639\u0644\u0648\u0645\u0627\u062a \u0627\u0644\u062f\u0641\u0639: \u0641\u0642\u0637 \u0639\u0628\u0631 \u0645\u0646\u0635\u0627\u062a \u0622\u0645\u0646\u0629 (\u0644\u0627 \u0646\u0642\u0648\u0645 \u0628\u062a\u062e\u0632\u064a\u0646 \u0628\u064a\u0627\u0646\u0627\u062a\u0643 \u0627\u0644\u0645\u0635\u0631\u0641\u064a\u0629).<br>- \u0633\u062c\u0644 \u0627\u0644\u0637\u0644\u0628\u0627\u062a \u0648\u062a\u0641\u0636\u064a\u0644\u0627\u062a \u0627\u0644\u0634\u0631\u0627\u0621.<br>- \u0628\u064a\u0627\u0646\u0627\u062a \u0627\u0644\u062a\u0635\u0641\u062d \u0639\u0644\u0649 \u0645\u0648\u0642\u0639\u0646\u0627 (\u0645\u0644\u0641\u0627\u062a \u062a\u0639\u0631\u064a\u0641 \u0627\u0644\u0627\u0631\u062a\u0628\u0627\u0637\u060c \u0639\u0646\u0648\u0627\u0646 IP).<\/p>\n\n\n\n<h2 class=\"wp-block-heading has-text-align-center has-medium-font-size\">2. \u0623\u063a\u0631\u0627\u0636 \u0627\u0644\u0645\u062c\u0645\u0648\u0639\u0629<\/h2>\n\n\n\n<p class=\"has-text-align-center\">\u064a\u062a\u0645 \u0627\u0633\u062a\u062e\u062f\u0627\u0645 \u0628\u064a\u0627\u0646\u0627\u062a\u0643 \u0645\u0646 \u0623\u062c\u0644:<br>- \u0645\u0639\u0627\u0644\u062c\u0629 \u0637\u0644\u0628\u0627\u062a\u0643<br>-\u0627\u0644\u062a\u0648\u0627\u0635\u0644 \u0645\u0639\u0643 \u0644\u0644\u062d\u0635\u0648\u0644 \u0639\u0644\u0649 \u062e\u062f\u0645\u0629 \u0645\u0627 \u0628\u0639\u062f \u0627\u0644\u0628\u064a\u0639<br>- \u0625\u0628\u0644\u0627\u063a\u0643 \u0628\u0627\u0644\u0639\u0631\u0648\u0636 \u0627\u0644\u062a\u0631\u0648\u064a\u062c\u064a\u0629 \u0623\u0648 \u0627\u0644\u0645\u0646\u062a\u062c\u0627\u062a \u0627\u0644\u062c\u062f\u064a\u062f\u0629<br>- \u062a\u062d\u0633\u064a\u0646 \u0645\u0648\u0642\u0639\u0646\u0627 \u0648\u062e\u062f\u0645\u0627\u062a\u0646\u0627<\/p>\n\n\n\n<h2 class=\"wp-block-heading has-text-align-center has-medium-font-size\">3. \u0627\u0644\u0623\u0633\u0627\u0633 \u0627\u0644\u0642\u0627\u0646\u0648\u0646\u064a<\/h2>\n\n\n\n<p class=\"has-text-align-center\">\u062a\u0639\u062a\u0645\u062f \u0627\u0644\u0645\u062c\u0645\u0648\u0639\u0629 \u0639\u0644\u0649:<br>- \u0645\u0648\u0627\u0641\u0642\u062a\u0643 (\u0646\u0645\u0627\u0630\u062c \u0627\u0644\u062a\u0633\u062c\u064a\u0644 \u0623\u0648 \u0627\u0644\u0634\u0631\u0627\u0621)<br>- \u062a\u0646\u0641\u064a\u0630 \u0627\u0644\u0639\u0642\u062f (\u0627\u0644\u0623\u0645\u0631)<br>- \u0627\u0644\u0627\u0644\u062a\u0632\u0627\u0645\u0627\u062a \u0627\u0644\u0642\u0627\u0646\u0648\u0646\u064a\u0629 (\u0627\u0644\u0641\u0648\u0627\u062a\u064a\u0631)<\/p>\n\n\n\n<h2 class=\"wp-block-heading has-text-align-center has-medium-font-size\">4. \u0627\u0644\u062a\u062e\u0632\u064a\u0646 \u0648\u0627\u0644\u0623\u0645\u0627\u0646<\/h2>\n\n\n\n<p class=\"has-text-align-center\">\u064a\u062a\u0645 \u062a\u062e\u0632\u064a\u0646 \u0628\u064a\u0627\u0646\u0627\u062a\u0643 \u0628\u0634\u0643\u0644 \u0622\u0645\u0646 \u0639\u0644\u0649 \u062e\u0648\u0627\u062f\u0645 \u0645\u062d\u0645\u064a\u0629.<\/p>\n\n\n\n<h2 class=\"wp-block-heading has-text-align-center has-medium-font-size\">5. \u0641\u062a\u0631\u0629 \u0627\u0644\u0627\u062d\u062a\u0641\u0627\u0638<\/h2>\n\n\n\n<p class=\"has-text-align-center\">\u0646\u062d\u0646 \u0646\u062d\u062a\u0641\u0638 \u0628\u0628\u064a\u0627\u0646\u0627\u062a\u0643:<br>- \u0645\u0627 \u064a\u0635\u0644 \u0625\u0644\u0649 5 \u0633\u0646\u0648\u0627\u062a \u0628\u0639\u062f \u0627\u0644\u0637\u0644\u0628 \u0627\u0644\u0623\u062e\u064a\u0631.<br>- \u0645\u0627 \u064a\u0635\u0644 \u0625\u0644\u0649 \u0639\u0627\u0645 \u0648\u0627\u062d\u062f \u0644\u0628\u064a\u0627\u0646\u0627\u062a \u0627\u0644\u062a\u0635\u0641\u062d \u0627\u0644\u0645\u062c\u0647\u0648\u0644\u0629.<\/p>\n\n\n\n<h2 class=\"wp-block-heading has-text-align-center has-medium-font-size\">6. \u0645\u0644\u0641\u0627\u062a \u062a\u0639\u0631\u064a\u0641 \u0627\u0644\u0627\u0631\u062a\u0628\u0627\u0637<\/h2>\n\n\n\n<p class=\"has-text-align-center\">\u0646\u062d\u0646 \u0646\u0633\u062a\u062e\u062f\u0645 \u0645\u0644\u0641\u0627\u062a \u062a\u0639\u0631\u064a\u0641 \u0627\u0644\u0627\u0631\u062a\u0628\u0627\u0637 \u0645\u0646 \u0623\u062c\u0644:<br>- \u062a\u0633\u0647\u064a\u0644 \u0627\u0644\u062a\u0646\u0642\u0644<br>- \u062a\u062d\u0644\u064a\u0644 \u062d\u0631\u0643\u0629 \u0627\u0644\u0645\u0631\u0648\u0631<br>- \u062a\u0642\u062f\u064a\u0645 \u0625\u0639\u0644\u0627\u0646\u0627\u062a \u0645\u0633\u062a\u0647\u062f\u0641\u0629<\/p>\n\n\n\n<h2 class=\"wp-block-heading has-text-align-center has-medium-font-size\">7. \u062d\u0642\u0648\u0642\u0643<\/h2>\n\n\n\n<p class=\"has-text-align-center\">\u0644\u062f\u064a\u0643 \u0627\u0644\u062d\u0642 \u0641\u064a:<br>- \u0627\u0644\u0648\u0635\u0648\u0644 \u0625\u0644\u0649 \u0628\u064a\u0627\u0646\u0627\u062a\u0643<br>- \u062a\u0635\u062d\u064a\u062d \u0623\u0648 \u062d\u0630\u0641 \u0645\u0639\u0644\u0648\u0645\u0627\u062a\u0643<br>- \u0633\u062d\u0628 \u0645\u0648\u0627\u0641\u0642\u062a\u0643<br>- \u0627\u0644\u0627\u0639\u062a\u0631\u0627\u0636 \u0639\u0644\u0649 \u0645\u0639\u0627\u0644\u062c\u0629 \u0645\u0639\u064a\u0646\u0629<\/p>\n\n\n\n<h2 class=\"wp-block-heading has-text-align-center has-medium-font-size\">8. \u0627\u0644\u062a\u0639\u062f\u064a\u0644\u0627\u062a<\/h2>\n\n\n\n<p class=\"has-text-align-center\">\u0646\u062d\u0646 \u0646\u062d\u062a\u0641\u0638 \u0628\u0627\u0644\u062d\u0642 \u0641\u064a \u062a\u0639\u062f\u064a\u0644 \u0647\u0630\u0647 \u0627\u0644\u0633\u064a\u0627\u0633\u0629.<\/p>\n\n\n\n<h2 class=\"wp-block-heading has-text-align-center has-medium-font-size\">9. \u0627\u0644\u0627\u062a\u0635\u0627\u0644<\/h2>\n\n\n\n<p class=\"has-text-align-center\"><br>info@rahmaherb.ma \/ +212 660305553 \/ \u062a\u062c\u0632\u0626\u0629 \u0634\u064a\u0645\u0627\u0621 \u0631\u0642\u0645 89\u060c \u0631\u064a\u0627\u0636 \u0646\u0631\u062c\u0633\u060c \u0641\u0627\u0633<\/p>\n\n\n\n<p><\/p>","protected":false},"excerpt":{"rendered":"<p>\ud83d\udd12Politique de confidentialit\u00e9 Derni\u00e8re mise \u00e0 jour : May 2025 La confidentialit\u00e9 de vos donn\u00e9es est essentielle pour Rahma Herbe. Cette politique explique comment nous collectons, utilisons, prot\u00e9geons et partageons vos informations personnelles dans le cadre de nos services. 1. Informations collect\u00e9es Nous collectons les types de donn\u00e9es suivants :&#8211; Informations personnelles : nom, pr\u00e9nom, [&hellip;]<\/p>","protected":false},"author":1,"featured_media":0,"parent":0,"menu_order":0,"comment_status":"closed","ping_status":"closed","template":"","meta":{"footnotes":""},"class_list":["post-3","page","type-page","status-publish","hentry"],"_links":{"self":[{"href":"https:\/\/rahmaherbe.ma\/ar\/wp-json\/wp\/v2\/pages\/3","targetHints":{"allow":["GET"]}}],"collection":[{"href":"https:\/\/rahmaherbe.ma\/ar\/wp-json\/wp\/v2\/pages"}],"about":[{"href":"https:\/\/rahmaherbe.ma\/ar\/wp-json\/wp\/v2\/types\/page"}],"author":[{"embeddable":true,"href":"https:\/\/rahmaherbe.ma\/ar\/wp-json\/wp\/v2\/users\/1"}],"replies":[{"embeddable":true,"href":"https:\/\/rahmaherbe.ma\/ar\/wp-json\/wp\/v2\/comments?post=3"}],"version-history":[{"count":0,"href":"https:\/\/rahmaherbe.ma\/ar\/wp-json\/wp\/v2\/pages\/3\/revisions"}],"wp:attachment":[{"href":"https:\/\/rahmaherbe.ma\/ar\/wp-json\/wp\/v2\/media?parent=3"}],"curies":[{"name":"wp","href":"https:\/\/api.w.org\/{rel}","templated":true}]}}