{"id":102,"date":"2020-09-12T11:36:48","date_gmt":"2020-09-12T11:36:48","guid":{"rendered":"https:\/\/rahmaherbe.ma\/about\/"},"modified":"2025-08-02T16:59:41","modified_gmt":"2025-08-02T16:59:41","slug":"a-propos","status":"publish","type":"page","link":"https:\/\/rahmaherbe.ma\/ar\/a-propos\/","title":{"rendered":"\u062a\u0639\u0631\u0641 \u0639\u0646\u0627"},"content":{"rendered":"<div data-elementor-type=\"wp-page\" data-elementor-id=\"102\" class=\"elementor elementor-102\" data-elementor-post-type=\"page\">\n\t\t\t\t<div class=\"aux-parallax-section elementor-element elementor-element-6e9e179 e-flex e-con-boxed e-con e-parent\" data-id=\"6e9e179\" data-element_type=\"container\">\n\t\t\t\t\t<div class=\"e-con-inner\">\n\t\t<div class=\"elementor-element elementor-element-73d6ff0 e-con-full e-flex e-con e-child\" data-id=\"73d6ff0\" data-element_type=\"container\">\n\t\t\t\t<div class=\"aux-scroll-anim elementor-element elementor-element-0997b02 aux-appear-watch-animation aux-fade-in-left-2 elementor-widget elementor-widget-aux_image\" data-move-in=\"moveHorizontal\" data-move-out=\"moveHorizontal\" data-axis-x=\"-30\" data-axis-y=\"200\" data-rotate=\"90\" data-scale=\"1\" data-vp-top=\"0.5\" data-vp-bot=\"0.5\" data-el-top=\"0.2\" data-scroll-animation-off=\"1024\" data-id=\"0997b02\" data-element_type=\"widget\" data-widget_type=\"aux_image.default\">\n\t\t\t\t<div class=\"elementor-widget-container\">\n\t\t\t\t\t<section class=\"widget-container aux-widget-image aux-alignnone aux-parent-au5b0ed885\">\n    <div class=\"aux-media-hint-frame\">\n        <div class=\"aux-media-image\" >\n        \n            \n\n            \n            <img fetchpriority=\"high\" decoding=\"async\" width=\"2208\" height=\"1248\" src=\"data:image\/gif;base64,R0lGODlhAQABAIAAAAAAAP\/\/\/yH5BAEAAAAALAAAAAABAAEAAAIBRAA7\" class=\"aux-attachment aux-featured-image aux-attachment-id-194 aux-preload aux-blank\" alt=\"Leonardo_Phoenix_10_A_modern_elegant_store_owned_by_the_Al_Rah_0 (1)\" data-ratio=\"1.77\" data-original-w=\"2208\" data-src=\"https:\/\/rahmaherbe.ma\/wp-content\/uploads\/2025\/05\/Leonardo_Phoenix_10_A_modern_elegant_store_owned_by_the_Al_Rah_0-1.webp\" \/>            \n                <\/div>\n    <\/div>\n\n<\/section><!-- widget-container -->\t\t\t\t<\/div>\n\t\t\t\t<\/div>\n\t\t\t\t<div class=\"aux-scroll-anim elementor-element elementor-element-6a59bc2 elementor-widget__width-auto aux-appear-watch-animation aux-fade-in-right-2 elementor-widget-tablet__width-initial elementor-widget elementor-widget-aux_image\" data-move-in=\"moveHorizontal\" data-move-out=\"moveHorizontal\" data-axis-x=\"40\" data-axis-y=\"200\" data-rotate=\"90\" data-scale=\"1\" data-vp-top=\"0.5\" data-vp-bot=\"0.5\" data-el-top=\"0.2\" data-scroll-animation-off=\"1024\" data-id=\"6a59bc2\" data-element_type=\"widget\" data-widget_type=\"aux_image.default\">\n\t\t\t\t<div class=\"elementor-widget-container\">\n\t\t\t\t\t<section class=\"widget-container aux-widget-image aux-alignnone aux-parent-au0187a198\">\n    <div class=\"aux-media-hint-frame\">\n        <div class=\"aux-media-image\" >\n        \n            \n\n            \n            <img decoding=\"async\" width=\"2208\" height=\"1248\" src=\"data:image\/gif;base64,R0lGODlhAQABAIAAAAAAAP\/\/\/yH5BAEAAAAALAAAAAABAAEAAAIBRAA7\" class=\"aux-attachment aux-featured-image aux-attachment-id-195 aux-preload aux-blank\" alt=\"Leonardo_Phoenix_10_A_modern_elegant_store_owned_by_the_Al_Rah_0 (2)\" data-ratio=\"1.77\" data-original-w=\"2208\" data-src=\"https:\/\/rahmaherbe.ma\/wp-content\/uploads\/2025\/05\/Leonardo_Phoenix_10_A_modern_elegant_store_owned_by_the_Al_Rah_0-2.webp\" \/>            \n                <\/div>\n    <\/div>\n\n<\/section><!-- widget-container -->\t\t\t\t<\/div>\n\t\t\t\t<\/div>\n\t\t\t\t<\/div>\n\t\t<div class=\"elementor-element elementor-element-cf5faf5 e-con-full e-flex e-con e-child\" data-id=\"cf5faf5\" data-element_type=\"container\">\n\t\t\t\t<div class=\"elementor-element elementor-element-cc435ad aux-appear-watch-animation aux-fade-in-up elementor-widget elementor-widget-aux_modern_heading\" data-id=\"cc435ad\" data-element_type=\"widget\" data-widget_type=\"aux_modern_heading.default\">\n\t\t\t\t<div class=\"elementor-widget-container\">\n\t\t\t\t\t<section class=\"aux-widget-modern-heading\">\n            <div class=\"aux-widget-inner\"><p class=\"aux-modern-heading-primary\"><\/p><h3 class=\"aux-modern-heading-secondary\"><span class=\"aux-head-before\">\ud83c\udf3f \u0646\u0628\u0630\u0629 \u0639\u0646 \u0631\u062d\u0645\u0629 \u062d\u0631\u0628\u064a<\/span><\/h3><div class=\"aux-modern-heading-description\"><p>\u0631\u062d\u0645\u0629 \u0647\u064a\u0631\u0628\u060c \u062a\u0639\u0627\u0648\u0646\u064a\u0629 \u0645\u063a\u0631\u0628\u064a\u0629 \u062a\u0623\u0633\u0633\u062a \u0639\u0627\u0645 2019 \u0641\u064a \u0641\u0627\u0633\u060c \u0645\u062a\u062e\u0635\u0635\u0629 \u0641\u064a \u062a\u0635\u0646\u064a\u0639 \u0648\u062a\u0635\u062f\u064a\u0631 \u0645\u0633\u062a\u062d\u0636\u0631\u0627\u062a \u0627\u0644\u062a\u062c\u0645\u064a\u0644 \u0627\u0644\u0637\u0628\u064a\u0639\u064a\u0629 \u0627\u0644\u0646\u0628\u0627\u062a\u064a\u0629. \u064a\u0642\u0639 \u0645\u0642\u0631\u0647\u0627 \u0641\u064a \u0631\u064a\u0627\u0636 \u0646\u0631\u062c\u0633\u060c \u062d\u064a\u062b \u062a\u064f\u062d\u0648\u0651\u0644 \u0648\u062d\u062f\u062a\u0646\u0627 \u0627\u0644\u0646\u0628\u0627\u062a\u0627\u062a \u0627\u0644\u0637\u0628\u064a\u0629 \u0648\u0627\u0644\u0639\u0637\u0631\u064a\u0629 \u0625\u0644\u0649 \u0645\u0646\u062a\u062c\u0627\u062a \u0644\u0644\u0639\u0646\u0627\u064a\u0629 \u0628\u0627\u0644\u0628\u0634\u0631\u0629 \u0648\u0646\u0638\u0627\u0641\u0629 \u0627\u0644\u062c\u0633\u0645\u060c \u062a\u064f\u0631\u0627\u0639\u064a \u0627\u0644\u0628\u0634\u0631\u0629 \u0648\u0627\u0644\u0628\u064a\u0626\u0629.<\/p><p>\u0646\u0633\u062a\u0641\u064a\u062f \u0645\u0646 \u0645\u0648\u0627\u0631\u062f \u0627\u0644\u0646\u0628\u0627\u062a\u0627\u062a \u0627\u0644\u0645\u062d\u0644\u064a\u0629 \u0644\u062a\u0642\u062f\u064a\u0645 \u062d\u0644\u0648\u0644 \u0637\u0628\u064a\u0639\u064a\u0629 \u0648\u062d\u0631\u0641\u064a\u0629 \u0648\u0641\u0639\u0651\u0627\u0644\u0629. \u0645\u0646\u062a\u062c\u0627\u062a\u0646\u0627 \u0646\u0628\u0627\u062a\u064a\u0629 100%\u060c \u062e\u0627\u0644\u064a\u0629 \u0645\u0646 \u0627\u0644\u0625\u0636\u0627\u0641\u0627\u062a \u0627\u0644\u0643\u064a\u0645\u064a\u0627\u0626\u064a\u0629\u060c \u0648\u0645\u0633\u062a\u0648\u062d\u0627\u0629 \u0645\u0646 \u063a\u0646\u0649 \u0627\u0644\u062a\u0631\u0627\u062b \u0627\u0644\u0645\u063a\u0631\u0628\u064a \u0641\u064a \u0645\u062c\u0627\u0644 \u0627\u0644\u0639\u0644\u0627\u062c \u0628\u0627\u0644\u0646\u0628\u0627\u062a\u0627\u062a.<\/p><p>\u0628\u0641\u0631\u064a\u0642 \u0639\u0645\u0644 \u0635\u063a\u064a\u0631 \u0648\u0645\u062a\u0641\u0627\u0646\u064d\u060c \u0646\u0624\u0645\u0646 \u0628\u0627\u0644\u062a\u0646\u0645\u064a\u0629 \u0627\u0644\u0645\u0633\u062a\u062f\u0627\u0645\u0629 \u0648\u0627\u0644\u0634\u0627\u0645\u0644\u0629 \u0627\u0644\u0642\u0627\u0626\u0645\u0629 \u0639\u0644\u0649 \u0627\u0644\u0645\u0639\u0631\u0641\u0629 \u0627\u0644\u062a\u0642\u0644\u064a\u062f\u064a\u0629. \u0647\u062f\u0641\u0646\u0627 \u0647\u0648 \u062a\u0639\u0632\u064a\u0632 \u0627\u0644\u062c\u0645\u0627\u0644 \u0627\u0644\u0637\u0628\u064a\u0639\u064a \u0645\u0639 \u062f\u0639\u0645 \u0627\u0644\u0627\u0642\u062a\u0635\u0627\u062f \u0627\u0644\u0645\u062d\u0644\u064a \u0648\u0635\u062d\u0629 \u0627\u0644\u0645\u0633\u062a\u0647\u0644\u0643.<\/p><p><a href=\"https:\/\/rahmaherbe.ma\/\">\u0631\u062d\u0645\u0629 \u062d\u0631\u0628\u064a<\/a> - \u0627\u0644\u0637\u0628\u064a\u0639\u0629 \u0641\u064a \u062e\u062f\u0645\u0629 \u0635\u062d\u062a\u0643.<\/p><\/div><\/div>\n        <\/section>\t\t\t\t<\/div>\n\t\t\t\t<\/div>\n\t\t\t\t<\/div>\n\t\t\t\t\t<\/div>\n\t\t\t\t<\/div>\n\t\t<div class=\"aux-parallax-section elementor-element elementor-element-81ac22f e-flex e-con-boxed e-con e-parent\" data-id=\"81ac22f\" data-element_type=\"container\">\n\t\t\t\t\t<div class=\"e-con-inner\">\n\t\t<div class=\"elementor-element elementor-element-f60e309 e-con-full e-flex e-con e-child\" data-id=\"f60e309\" data-element_type=\"container\">\n\t\t\t\t<div class=\"elementor-element elementor-element-ed5cc53 aux-appear-watch-animation aux-fade-in-up elementor-widget elementor-widget-aux_modern_heading\" data-id=\"ed5cc53\" data-element_type=\"widget\" data-widget_type=\"aux_modern_heading.default\">\n\t\t\t\t<div class=\"elementor-widget-container\">\n\t\t\t\t\t<section class=\"aux-widget-modern-heading\">\n            <div class=\"aux-widget-inner\"><p class=\"aux-modern-heading-primary\">\u0627\u062a\u0635\u0627\u0644<\/p><h3 class=\"aux-modern-heading-secondary\"><span class=\"aux-head-before\">\u0627\u062a\u0635\u0644 \u0628\u0646\u0627<\/span><\/h3><\/div>\n        <\/section>\t\t\t\t<\/div>\n\t\t\t\t<\/div>\n\t\t\t\t<div class=\"elementor-element elementor-element-8c69852 aux-appear-watch-animation aux-fade-in-up elementor-widget elementor-widget-aux_contact_form\" data-id=\"8c69852\" data-element_type=\"widget\" data-widget_type=\"aux_contact_form.default\">\n\t\t\t\t<div class=\"elementor-widget-container\">\n\t\t\t\t\t<section class=\"widget-container aux-widget-contact-form aux-parent-aua4e86af6\">            <div class=\"aux-col-wrapper aux-no-gutter\">\n            <!-- @TODO - The output for element here -->\n\n            \n<div class=\"wpcf7 no-js\" id=\"wpcf7-f77-o2\" lang=\"en-US\" dir=\"ltr\" data-wpcf7-id=\"77\">\n<div class=\"screen-reader-response\"><p role=\"status\" aria-live=\"polite\" aria-atomic=\"true\"><\/p> <ul><\/ul><\/div>\n<form action=\"\/ar\/wp-json\/wp\/v2\/pages\/102#wpcf7-f77-o2\" method=\"post\" class=\"wpcf7-form init\" aria-label=\"Contact form\" novalidate=\"novalidate\" data-status=\"init\" data-trp-original-action=\"\/ar\/wp-json\/wp\/v2\/pages\/102#wpcf7-f77-o2\">\n<fieldset class=\"hidden-fields-container\"><input type=\"hidden\" name=\"_wpcf7\" value=\"77\" \/><input type=\"hidden\" name=\"_wpcf7_version\" value=\"6.1.2\" \/><input type=\"hidden\" name=\"_wpcf7_locale\" value=\"en_US\" \/><input type=\"hidden\" name=\"_wpcf7_unit_tag\" value=\"wpcf7-f77-o2\" \/><input type=\"hidden\" name=\"_wpcf7_container_post\" value=\"0\" \/><input type=\"hidden\" name=\"_wpcf7_posted_data_hash\" value=\"\" \/>\n<\/fieldset>\n<label><span class=\"wpcf7-form-control-wrap\" data-name=\"VotreNom\"><input size=\"40\" maxlength=\"400\" class=\"wpcf7-form-control wpcf7-text\" aria-invalid=\"false\" placeholder=\"\u0627\u0633\u0645\u0643 *\" value=\"\" type=\"text\" name=\"VotreNom\" \/><\/span><\/label>\n<label> <span class=\"wpcf7-form-control-wrap\" data-name=\"VotreE-mail\"><input size=\"40\" maxlength=\"400\" class=\"wpcf7-form-control wpcf7-email wpcf7-text wpcf7-validates-as-email\" aria-invalid=\"false\" placeholder=\"\u0628\u0631\u064a\u062f\u0643 \u0627\u0644\u0625\u0644\u0643\u062a\u0631\u0648\u0646\u064a *\" value=\"\" type=\"email\" name=\"VotreE-mail\" \/><\/span><\/label>\n<label> <span class=\"wpcf7-form-control-wrap\" data-name=\"Question\"><textarea cols=\"40\" rows=\"10\" maxlength=\"2000\" class=\"wpcf7-form-control wpcf7-textarea wpcf7-validates-as-required\" aria-required=\"true\" aria-invalid=\"false\" placeholder=\"\u0633\u0624\u0627\u0644*\" name=\"Question\"><\/textarea><\/span> <\/label>\n<input class=\"wpcf7-form-control wpcf7-submit has-spinner\" type=\"submit\" value=\"\u0623\u0631\u0633\u0644 \u0631\u0633\u0627\u0644\u0629\" \/><div class=\"wpcf7-response-output\" aria-hidden=\"true\"><\/div>\n<input type=\"hidden\" name=\"trp-form-language\" value=\"ar\"\/><\/form>\n<\/div>\n\n\n            <\/div><!-- aux-col-wrapper -->\n    <\/section><!-- widget-container -->\t\t\t\t<\/div>\n\t\t\t\t<\/div>\n\t\t\t\t<\/div>\n\t\t<div class=\"elementor-element elementor-element-f1e5792 e-con-full e-flex e-con e-child\" data-id=\"f1e5792\" data-element_type=\"container\">\n\t\t\t\t<div class=\"aux-scroll-anim elementor-element elementor-element-6208e43 aux-shpe-type-rectangle aux-appear-watch-animation aux-fade-in-right-1 elementor-widget elementor-widget-aux_simple_shape\" data-move-in=\"\" data-move-out=\"\" data-axis-x=\"15\" data-axis-y=\"200\" data-rotate=\"90\" data-scale=\"1\" data-vp-top=\"0.5\" data-vp-bot=\"0.5\" data-el-top=\"0.2\" data-scroll-animation-off=\"1024\" data-id=\"6208e43\" data-element_type=\"widget\" data-widget_type=\"aux_simple_shape.default\">\n\t\t\t\t<div class=\"elementor-widget-container\">\n\t\t\t\t\t    <div class=\"aux-widget-container aux-simple-shape-container\">\n        <div class=\"aux-widget-container-inner\">\n            <div class=\"aux-the-shape\"><\/div>\n        <\/div>\n    <\/div>\n    \t\t\t\t<\/div>\n\t\t\t\t<\/div>\n\t\t\t\t<div class=\"aux-scroll-anim elementor-element elementor-element-14d95b0 aux-appear-watch-animation aux-fade-in-left-1 elementor-hidden-tablet elementor-hidden-mobile elementor-hidden-desktop elementor-widget elementor-widget-aux_gmap\" data-move-in=\"moveHorizontal\" data-move-out=\"moveHorizontal\" data-axis-x=\"-20\" data-axis-y=\"200\" data-rotate=\"90\" data-scale=\"1\" data-vp-top=\"0.5\" data-vp-bot=\"0.5\" data-el-top=\"0.2\" data-scroll-animation-off=\"1024\" data-id=\"14d95b0\" data-element_type=\"widget\" data-widget_type=\"aux_gmap.default\">\n\t\t\t\t<div class=\"elementor-widget-container\">\n\t\t\t\t\t            <div class=\"elementor-alert elementor-alert-danger\" role=\"alert\">\n                <span class=\"elementor-alert-title\">\n                    Google Maps API Key Is Missing.                <\/span>\n                <span class=\"elementor-alert-description\">\n                    In order to use google maps on your website, you have to create an api key and insert it in customizer &quot;Google Maps API Key&quot; field.                <\/span>\n            <\/div>\n        \t\t\t\t<\/div>\n\t\t\t\t<\/div>\n\t\t\t\t<div class=\"aux-scroll-anim elementor-element elementor-element-e0ef112 aux-appear-watch-animation aux-fade-in-left-2 elementor-widget elementor-widget-aux_image\" data-move-in=\"moveHorizontal\" data-move-out=\"moveHorizontal\" data-axis-x=\"-30\" data-axis-y=\"200\" data-rotate=\"90\" data-scale=\"1\" data-vp-top=\"0.5\" data-vp-bot=\"0.5\" data-el-top=\"0.2\" data-scroll-animation-off=\"1024\" data-id=\"e0ef112\" data-element_type=\"widget\" data-widget_type=\"aux_image.default\">\n\t\t\t\t<div class=\"elementor-widget-container\">\n\t\t\t\t\t<section class=\"widget-container aux-widget-image aux-alignnone aux-parent-auf0efa472\">\n    <div class=\"aux-media-hint-frame\">\n        <div class=\"aux-media-image aux-hover-active\" >\n                    <a class=\"\" href=\"https:\/\/maps.app.goo.gl\/w5MNFUhkBwgTGreW7\" data-elementor-open-lightbox=\"no\" data-original-width=\"941\" data-original-height=\"941\" data-caption=\"toconverted _localisation-rahma-herbe\" target=\"_blank\"  >\n        \n            \n\n            \n            <img decoding=\"async\" width=\"941\" height=\"941\" src=\"data:image\/gif;base64,R0lGODlhAQABAIAAAAAAAP\/\/\/yH5BAEAAAAALAAAAAABAAEAAAIBRAA7\" class=\"aux-attachment aux-featured-image aux-attachment-id-184 aux-preload aux-blank\" alt=\"toconverted _localisation-rahma-herbe\" data-ratio=\"1\" data-original-w=\"941\" data-src=\"https:\/\/rahmaherbe.ma\/wp-content\/uploads\/2025\/05\/toconverted-_localisation-rahma-herbe.webp\" \/>            \n                    <\/a>\n                <\/div>\n    <\/div>\n\n<\/section><!-- widget-container -->\t\t\t\t<\/div>\n\t\t\t\t<\/div>\n\t\t\t\t<\/div>\n\t\t\t\t\t<\/div>\n\t\t\t\t<\/div>\n\t\t<div class=\"aux-parallax-section elementor-element elementor-element-2f4a626 elementor-hidden-desktop elementor-hidden-tablet elementor-hidden-mobile e-flex e-con-boxed e-con e-parent\" data-id=\"2f4a626\" data-element_type=\"container\">\n\t\t\t\t\t<div class=\"e-con-inner\">\n\t\t<div class=\"elementor-element elementor-element-63c2b5e e-con-full e-flex e-con e-child\" data-id=\"63c2b5e\" data-element_type=\"container\">\n\t\t\t\t<div class=\"elementor-element elementor-element-29ffdcc elementor-position-left aux-appear-watch-animation aux-fade-in-right-2 elementor-view-default elementor-mobile-position-top elementor-widget elementor-widget-icon-box\" data-id=\"29ffdcc\" data-element_type=\"widget\" data-widget_type=\"icon-box.default\">\n\t\t\t\t<div class=\"elementor-widget-container\">\n\t\t\t\t\t\t\t<div class=\"elementor-icon-box-wrapper\">\n\n\t\t\t\t\t\t<div class=\"elementor-icon-box-icon\">\n\t\t\t\t<span  class=\"elementor-icon\">\n\t\t\t\t<svg xmlns=\"http:\/\/www.w3.org\/2000\/svg\" width=\"38.074\" height=\"47.722\" viewbox=\"0 0 38.074 47.722\"><path d=\"M67.657.012A19.043,19.043,0,0,0,49.644,22.653h0s.029.205.127.6a19.081,19.081,0,0,0,1.282,3.777c1.908,4.52,6.321,12.084,16.223,20.313a1.654,1.654,0,0,0,2.113,0c9.9-8.219,14.315-15.782,16.233-20.322A18.273,18.273,0,0,0,86.9,23.241c.088-.382.127-.6.127-.6h0A19.048,19.048,0,0,0,67.657.012ZM68.332,28.5a9.246,9.246,0,1,1,9.246-9.246A9.245,9.245,0,0,1,68.332,28.5Z\" transform=\"translate(-49.299 0)\" fill=\"#3c6\"><\/path><\/svg>\t\t\t\t<\/span>\n\t\t\t<\/div>\n\t\t\t\n\t\t\t\t\t\t<div class=\"elementor-icon-box-content\">\n\n\t\t\t\t\t\t\t\t\t<h4 class=\"elementor-icon-box-title\">\n\t\t\t\t\t\t<span  >\n\t\t\t\t\t\t\t\u0639\u0646\u0648\u0627\u0646 :\t\t\t\t\t\t<\/span>\n\t\t\t\t\t<\/h4>\n\t\t\t\t\n\t\t\t\t\t\t\t\t\t<p class=\"elementor-icon-box-description\">\n\t\t\t\t\t\tLot chaimae N\u00b0 89 AV Riad Narjis<\/br>  FES 30000\n\n\t\t\t\t\t<\/p>\n\t\t\t\t\n\t\t\t<\/div>\n\t\t\t\n\t\t<\/div>\n\t\t\t\t\t\t<\/div>\n\t\t\t\t<\/div>\n\t\t\t\t<\/div>\n\t\t<div class=\"elementor-element elementor-element-93630db e-con-full e-flex e-con e-child\" data-id=\"93630db\" data-element_type=\"container\">\n\t\t\t\t<div class=\"elementor-element elementor-element-7962458 elementor-position-left aux-appear-watch-animation aux-fade-in-right-2 elementor-view-default elementor-mobile-position-top elementor-widget elementor-widget-icon-box\" data-id=\"7962458\" data-element_type=\"widget\" data-widget_type=\"icon-box.default\">\n\t\t\t\t<div class=\"elementor-widget-container\">\n\t\t\t\t\t\t\t<div class=\"elementor-icon-box-wrapper\">\n\n\t\t\t\t\t\t<div class=\"elementor-icon-box-icon\">\n\t\t\t\t<span  class=\"elementor-icon\">\n\t\t\t\t<svg xmlns=\"http:\/\/www.w3.org\/2000\/svg\" width=\"41.956\" height=\"41.956\" viewbox=\"0 0 41.956 41.956\"><path d=\"M362.381,69.27l-10.6-10.6,1.355-1.355a4.008,4.008,0,0,1,5.669,0l4.931,4.931a4.009,4.009,0,0,1,0,5.669Zm0,0\" transform=\"translate(-322.954 -31.914)\" fill=\"#33cc66\"><\/path><path d=\"M56.137,354.311l1.355-1.355a4.008,4.008,0,0,1,5.669,0l4.931,4.931a4.013,4.013,0,0,1,0,5.669l-1.355,1.355Zm0,0\" transform=\"translate(-51.537 -351.781)\" fill=\"#33cc66\"><\/path><path d=\"M37.563,34.74C33.987,37.7,29.388,38.351,24.177,36.6c-4.463-1.5-9.4-4.808-13.9-9.309S2.466,17.85.965,13.386C-.788,8.176-.141,3.577,2.823,0L13.474,10.652c-2.289,3.568,1,7.791,3.324,10.113s6.546,5.613,10.113,3.324Zm0,0\" transform=\"translate(-0.001 4.393)\" fill=\"#33cc66\"><\/path><\/svg>\t\t\t\t<\/span>\n\t\t\t<\/div>\n\t\t\t\n\t\t\t\t\t\t<div class=\"elementor-icon-box-content\">\n\n\t\t\t\t\t\t\t\t\t<h4 class=\"elementor-icon-box-title\">\n\t\t\t\t\t\t<span  >\n\t\t\t\t\t\t\tOur Phone\t\t\t\t\t\t<\/span>\n\t\t\t\t\t<\/h4>\n\t\t\t\t\n\t\t\t\t\t\t\t\t\t<p class=\"elementor-icon-box-description\">\n\t\t\t\t\t\t(+212) 660743871 <\/br>(+212) 660305553<\/br>(+212) 660734847\t\t\t\t\t<\/p>\n\t\t\t\t\n\t\t\t<\/div>\n\t\t\t\n\t\t<\/div>\n\t\t\t\t\t\t<\/div>\n\t\t\t\t<\/div>\n\t\t\t\t<\/div>\n\t\t<div class=\"elementor-element elementor-element-5816776 e-con-full e-flex e-con e-child\" data-id=\"5816776\" data-element_type=\"container\">\n\t\t\t\t<div class=\"elementor-element elementor-element-656ebc8 elementor-position-left aux-appear-watch-animation aux-fade-in-right-2 elementor-view-default elementor-mobile-position-top elementor-widget elementor-widget-icon-box\" data-id=\"656ebc8\" data-element_type=\"widget\" data-widget_type=\"icon-box.default\">\n\t\t\t\t<div class=\"elementor-widget-container\">\n\t\t\t\t\t\t\t<div class=\"elementor-icon-box-wrapper\">\n\n\t\t\t\t\t\t<div class=\"elementor-icon-box-icon\">\n\t\t\t\t<span  class=\"elementor-icon\">\n\t\t\t\t<i aria-hidden=\"true\" class=\"fas fa-envelope\"><\/i>\t\t\t\t<\/span>\n\t\t\t<\/div>\n\t\t\t\n\t\t\t\t\t\t<div class=\"elementor-icon-box-content\">\n\n\t\t\t\t\t\t\t\t\t<h4 class=\"elementor-icon-box-title\">\n\t\t\t\t\t\t<span  >\n\t\t\t\t\t\t\tNotre e-mail\t\t\t\t\t\t<\/span>\n\t\t\t\t\t<\/h4>\n\t\t\t\t\n\t\t\t\t\t\t\t\t\t<p class=\"elementor-icon-box-description\">\n\t\t\t\t\t\tInfo@@rahmaherbe.ma\t\t\t\t\t<\/p>\n\t\t\t\t\n\t\t\t<\/div>\n\t\t\t\n\t\t<\/div>\n\t\t\t\t\t\t<\/div>\n\t\t\t\t<\/div>\n\t\t\t\t<\/div>\n\t\t\t\t\t<\/div>\n\t\t\t\t<\/div>\n\t\t\t\t<\/div>","protected":false},"excerpt":{"rendered":"<p>\ud83c\udf3f \u00c0 propos de Rahma Herbe Fond\u00e9e en 2019 \u00e0 F\u00e8s, Rahma Herbe est une coop\u00e9rative marocaine sp\u00e9cialis\u00e9e dans la fabrication et l\u2019exportation de produits cosm\u00e9tiques naturels \u00e0 base de plantes. Situ\u00e9e \u00e0 Riad Narjis, notre unit\u00e9 transforme des plantes m\u00e9dicinales et aromatiques en produits de soin et d\u2019hygi\u00e8ne corporelle, respectueux de la peau et [&hellip;]<\/p>","protected":false},"author":1,"featured_media":0,"parent":0,"menu_order":0,"comment_status":"closed","ping_status":"closed","template":"templates\/page-builder-content.php","meta":{"footnotes":""},"class_list":["post-102","page","type-page","status-publish","hentry"],"_links":{"self":[{"href":"https:\/\/rahmaherbe.ma\/ar\/wp-json\/wp\/v2\/pages\/102","targetHints":{"allow":["GET"]}}],"collection":[{"href":"https:\/\/rahmaherbe.ma\/ar\/wp-json\/wp\/v2\/pages"}],"about":[{"href":"https:\/\/rahmaherbe.ma\/ar\/wp-json\/wp\/v2\/types\/page"}],"author":[{"embeddable":true,"href":"https:\/\/rahmaherbe.ma\/ar\/wp-json\/wp\/v2\/users\/1"}],"replies":[{"embeddable":true,"href":"https:\/\/rahmaherbe.ma\/ar\/wp-json\/wp\/v2\/comments?post=102"}],"version-history":[{"count":51,"href":"https:\/\/rahmaherbe.ma\/ar\/wp-json\/wp\/v2\/pages\/102\/revisions"}],"predecessor-version":[{"id":1941,"href":"https:\/\/rahmaherbe.ma\/ar\/wp-json\/wp\/v2\/pages\/102\/revisions\/1941"}],"wp:attachment":[{"href":"https:\/\/rahmaherbe.ma\/ar\/wp-json\/wp\/v2\/media?parent=102"}],"curies":[{"name":"wp","href":"https:\/\/api.w.org\/{rel}","templated":true}]}}